{"id":2003,"date":"2020-06-24T17:43:32","date_gmt":"2020-06-24T15:43:32","guid":{"rendered":"http:\/\/localhost\/aknostasis\/es\/?page_id=2003"},"modified":"2021-08-09T08:42:39","modified_gmt":"2021-08-09T06:42:39","slug":"el-acne","status":"publish","type":"page","link":"https:\/\/www.aknostasis.com\/es\/el-acne\/","title":{"rendered":"El Acn\u00e9"},"content":{"rendered":"<div class=\"wpb-content-wrapper\"><p>[vc_section][vc_row][vc_column][vc_column_text]<\/p>\r\n<h2 class=\"wp-block-heading\" style=\"text-align: center;\">Introducci\u00f3n<\/h2>\r\n<hr \/>\r\n<p>[\/vc_column_text][\/vc_column][\/vc_row][vc_row][vc_column width=&#8221;1\/3&#8243;][vc_single_image image=&#8221;2042&#8243; img_size=&#8221;250&#215;250&#8243; alignment=&#8221;center&#8221; onclick=&#8221;zoom&#8221;][\/vc_column][vc_column width=&#8221;2\/3&#8243;][vc_column_text]<\/p>\r\n<p>El <strong>acn\u00e9<\/strong>, <strong>acn\u00e9 com\u00fan<\/strong> o <strong>acn\u00e9 vulgar<\/strong> son t\u00e9rminos que se refieren todos a la misma enfermedad inflamatoria de la piel que provoca la aparici\u00f3n de comedones, p\u00e1pulas, p\u00fastulas y n\u00f3dulos. La cara y la parte superior del tronco suelen ser las zonas m\u00e1s afectadas. Sin intervenci\u00f3n adecuada, esta enfermedad se puede volver cr\u00f3nica y puede dejar la piel marcada por cicatrices.<\/p>\r\n<p>Esta enfermedad ya se menciona en los textos de los antiguos m\u00e9dicos griegos y romanos que sol\u00edan asociarla con la pubertad. Fue al inicio del siglo XIX que se empez\u00f3 a clasificar el acn\u00e9 en varios subtipos. Hoy ya sabemos que el acn\u00e9 tiene un origen multifactorial y a veces es imposible determinar exactamente su(s) causa(s).<\/p>\r\n<p>El acn\u00e9 es la enfermedad m\u00e1s com\u00fan entre la gente joven, a tal punto que se considera que el 85% de los adolescentes est\u00e1n afectados. A pesar de predominar entre personas de 12 hasta 24 a\u00f1os de edad, muchos individuos tambi\u00e9n siguen afectados en su vida adulta durante muchos a\u00f1os.<\/p>\r\n<p>[\/vc_column_text][\/vc_column][\/vc_row][\/vc_section][vc_section][vc_row][vc_column][vc_column_text]<\/p>\r\n<h2 class=\"wp-block-heading\" style=\"text-align: center;\">Tipos de acn\u00e9<\/h2>\r\n<hr \/>\r\n<p>[\/vc_column_text][\/vc_column][\/vc_row][vc_row][vc_column width=&#8221;1\/2&#8243;][vc_column_text]<\/p>\r\n<p>Existen muchos tipos de acn\u00e9. Se suele tipificar el acn\u00e9 en funci\u00f3n de las caracter\u00edsticas visuales de las lesiones o del momento de su aparici\u00f3n.\u00a0 Si tipificamos el acn\u00e9 de forma visual, desde su manifestaci\u00f3n m\u00e1s leve hasta la m\u00e1s grave, entonces tendremos la clasificaci\u00f3n siguiente:<\/p>\r\n<ol>\r\n<li><strong>Acn\u00e9 comed\u00f3n<\/strong>. Es la forma m\u00e1s leve y consiste cuando la piel esta cubierta por numerosos comedones.<\/li>\r\n<li><strong>Acn\u00e9 papuloso<\/strong>. Cuando existen muchos comedones donde gran parte est\u00e1n inflamados, pero todav\u00eda no aparecen lesiones con pus.<\/li>\r\n<li><strong>Acn\u00e9 atr\u00f3fico<\/strong>. Es un acn\u00e9 p\u00e1puloso cuya severidad ha provocado lesiones en la piel que cicatrizan en forma de cr\u00e1teres (oquedades).<\/li>\r\n<li><strong>Acn\u00e9 conglobata<\/strong>. Cuando existen muchos comedones de gran tama\u00f1o y abscesos que pueden comunicar entre si mediante fistulas, formando quistes y n\u00f3dulos.<\/li>\r\n<li><strong>Acn\u00e9 qu\u00edstico<\/strong>. Es la forma m\u00e1s grave de la enfermedad donde aparecen todos los tipos de lesiones que puede provocar el acn\u00e9, incluyendo muchos abscesos, quistes y n\u00f3dulos.<\/li>\r\n<\/ol>\r\n<p>Si nos centramos en el momento de aparici\u00f3n del acn\u00e9, podemos destacar el <strong>acn\u00e9 neonatal<\/strong>, el <strong>acn\u00e9 infantil<\/strong>, el <strong>acn\u00e9 preadolescente<\/strong> y el <strong>acn\u00e9 premenstrual<\/strong>. Tambi\u00e9n existen muchos otros tipos de acn\u00e9 como el <strong>maskn\u00e9<\/strong>, que aparece por el uso continuado de mascarillas protectoras; el <strong>acn\u00e9 por contacto<\/strong><strong> cosm\u00e9tico <\/strong>(causado por productos comed\u00f3nicos) , el\u00a0<strong>acn\u00e9 por contacto ocupacional <\/strong>(causado por productos qu\u00edmicos), y el <strong>acn\u00e9 iatrog\u00e9nico<\/strong> (causado por f\u00e1rmacos).<\/p>\r\n<p>[\/vc_column_text][\/vc_column][vc_column width=&#8221;1\/2&#8243;][vc_single_image image=&#8221;2055&#8243; img_size=&#8221;full&#8221; alignment=&#8221;center&#8221; onclick=&#8221;zoom&#8221; css_animation=&#8221;none&#8221;][\/vc_column][\/vc_row][\/vc_section][vc_section][vc_row][vc_column][vc_column_text]<\/p>\r\n<h2 class=\"wp-block-heading\" style=\"text-align: center;\">Origen del acn\u00e9<\/h2>\r\n<hr \/>\r\n<p>[\/vc_column_text][\/vc_column][\/vc_row][vc_row][vc_column width=&#8221;1\/2&#8243;][vc_single_image image=&#8221;2063&#8243; img_size=&#8221;full&#8221; alignment=&#8221;center&#8221; css_animation=&#8221;none&#8221;][\/vc_column][vc_column width=&#8221;1\/2&#8243;][vc_column_text]<\/p>\r\n<p>El acn\u00e9 puede aparecer por muchas causas diferentes y a veces simult\u00e1neas (causas multifactoriales). Tambi\u00e9n se ha podido establecer que factores hereditarios juegan un papel importante visto que se ha identificado genes que pueden inducir una predisposici\u00f3n a desarrollar acn\u00e9. Los principales factores que pueden provocar el acn\u00e9 son:<\/p>\r\n<ol>\r\n<li>Exceso de producci\u00f3n de sebo<\/li>\r\n<li>Incremento an\u00f3malo del tama\u00f1o de las gl\u00e1ndulas seb\u00e1ceas (hiperplasia)<\/li>\r\n<li>Colonizaci\u00f3n bacteriana (Propionibacterium acnes)<\/li>\r\n<li>Descamaci\u00f3n anormal<\/li>\r\n<li>Inflamaci\u00f3n preexistente de la piel<\/li>\r\n<li>Actividad hormonal o trastornos hormonales<\/li>\r\n<li>Anomal\u00edas del canal folicular<\/li>\r\n<li>Estr\u00e9s y cargas emocionales<\/li>\r\n<li>Medicamentos (principalmente corticosteroides, androg\u00e9nicos y anabolizantes)<\/li>\r\n<li>Exposici\u00f3n a productos qu\u00edmicos<\/li>\r\n<\/ol>\r\n<p>Mas recientemente, con el COVID ha aparecido una forma de acn\u00e9 espec\u00edficamente provocada por el uso de mascarillas, el <strong>MASKN\u00c9<\/strong>.<\/p>\r\n<p>El maskn\u00e9 se manifiesta en las mejillas, alrededor de la boca y en la barbilla, donde la combinaci\u00f3n de humedad, sudor, sobreproducci\u00f3n de sebo, fricci\u00f3n y calor crean unas condiciones propicias para la proliferaci\u00f3n bacteriana.<\/p>\r\n<p>El maskn\u00e9 suele aparecer acompa\u00f1ado por irritaciones de la piel o dermatitis, debido a la fricci\u00f3n mec\u00e1nica con la mascarilla, en zonas como por ejemplo la parte superior de la nariz o las mejillas, etc&#8230;<\/p>\r\n<p>[\/vc_column_text][\/vc_column][\/vc_row][\/vc_section]<\/p><\/div>","protected":false},"excerpt":{"rendered":"<p>[vc_section][vc_row][vc_column][vc_column_text] Introducci\u00f3n [\/vc_column_text][\/vc_column][\/vc_row][vc_row][vc_column width=&#8221;1\/3&#8243;][vc_single_image image=&#8221;2042&#8243; img_size=&#8221;250&#215;250&#8243; alignment=&#8221;center&#8221; onclick=&#8221;zoom&#8221;][\/vc_column][vc_column width=&#8221;2\/3&#8243;][vc_column_text] El acn\u00e9, acn\u00e9 com\u00fan o acn\u00e9 vulgar son t\u00e9rminos que se<\/p>\n","protected":false},"author":8,"featured_media":0,"parent":0,"menu_order":0,"comment_status":"closed","ping_status":"closed","template":"","meta":{"footnotes":""},"categories":[],"tags":[],"class_list":["post-2003","page","type-page","status-publish","hentry"],"yoast_head":"<!-- This site is optimized with the Yoast SEO plugin v27.5 - https:\/\/yoast.com\/product\/yoast-seo-wordpress\/ -->\n<title>El Acn\u00e9 &#8211; AKN\u03a6STASIS Cosmeceuticals<\/title>\n<meta name=\"robots\" content=\"index, follow, max-snippet:-1, max-image-preview:large, max-video-preview:-1\" \/>\n<link rel=\"canonical\" href=\"https:\/\/www.aknostasis.com\/es\/el-acne\/\" \/>\n<meta property=\"og:locale\" content=\"es_ES\" \/>\n<meta property=\"og:type\" content=\"article\" \/>\n<meta property=\"og:title\" content=\"El Acn\u00e9 &#8211; AKN\u03a6STASIS Cosmeceuticals\" \/>\n<meta property=\"og:description\" content=\"[vc_section][vc_row][vc_column][vc_column_text] Introducci\u00f3n [\/vc_column_text][\/vc_column][\/vc_row][vc_row][vc_column width=&#8221;1\/3&#8243;][vc_single_image image=&#8221;2042&#8243; img_size=&#8221;250&#215;250&#8243; alignment=&#8221;center&#8221; onclick=&#8221;zoom&#8221;][\/vc_column][vc_column width=&#8221;2\/3&#8243;][vc_column_text] El acn\u00e9, acn\u00e9 com\u00fan o acn\u00e9 vulgar son t\u00e9rminos que se\" \/>\n<meta property=\"og:url\" content=\"https:\/\/www.aknostasis.com\/es\/el-acne\/\" \/>\n<meta property=\"og:site_name\" content=\"AKN\u03a6STASIS Cosmeceuticals\" \/>\n<meta property=\"article:publisher\" content=\"https:\/\/www.facebook.com\/Aknostasis-103873258462466\" \/>\n<meta property=\"article:modified_time\" content=\"2021-08-09T06:42:39+00:00\" \/>\n<meta name=\"twitter:card\" content=\"summary_large_image\" \/>\n<meta name=\"twitter:site\" content=\"@aknostasis\" \/>\n<meta name=\"twitter:label1\" content=\"Tiempo de lectura\" \/>\n\t<meta name=\"twitter:data1\" content=\"4 minutos\" \/>\n<script type=\"application\/ld+json\" class=\"yoast-schema-graph\">{\"@context\":\"https:\\\/\\\/schema.org\",\"@graph\":[{\"@type\":\"WebPage\",\"@id\":\"https:\\\/\\\/www.aknostasis.com\\\/es\\\/el-acne\\\/\",\"url\":\"https:\\\/\\\/www.aknostasis.com\\\/es\\\/el-acne\\\/\",\"name\":\"El Acn\u00e9 &#8211; AKN\u03a6STASIS Cosmeceuticals\",\"isPartOf\":{\"@id\":\"https:\\\/\\\/www.aknostasis.com\\\/es\\\/#website\"},\"datePublished\":\"2020-06-24T15:43:32+00:00\",\"dateModified\":\"2021-08-09T06:42:39+00:00\",\"breadcrumb\":{\"@id\":\"https:\\\/\\\/www.aknostasis.com\\\/es\\\/el-acne\\\/#breadcrumb\"},\"inLanguage\":\"es\",\"potentialAction\":[{\"@type\":\"ReadAction\",\"target\":[\"https:\\\/\\\/www.aknostasis.com\\\/es\\\/el-acne\\\/\"]}]},{\"@type\":\"BreadcrumbList\",\"@id\":\"https:\\\/\\\/www.aknostasis.com\\\/es\\\/el-acne\\\/#breadcrumb\",\"itemListElement\":[{\"@type\":\"ListItem\",\"position\":1,\"name\":\"Portada\",\"item\":\"https:\\\/\\\/www.aknostasis.com\\\/es\\\/\"},{\"@type\":\"ListItem\",\"position\":2,\"name\":\"El Acn\u00e9\"}]},{\"@type\":\"WebSite\",\"@id\":\"https:\\\/\\\/www.aknostasis.com\\\/es\\\/#website\",\"url\":\"https:\\\/\\\/www.aknostasis.com\\\/es\\\/\",\"name\":\"AKN\u03a6STASIS Cosmeceuticals\",\"description\":\"Biotecnolog\u00edas Cosm\u00e9ticas de Vanguardia\",\"publisher\":{\"@id\":\"https:\\\/\\\/www.aknostasis.com\\\/es\\\/#organization\"},\"potentialAction\":[{\"@type\":\"SearchAction\",\"target\":{\"@type\":\"EntryPoint\",\"urlTemplate\":\"https:\\\/\\\/www.aknostasis.com\\\/es\\\/?s={search_term_string}\"},\"query-input\":{\"@type\":\"PropertyValueSpecification\",\"valueRequired\":true,\"valueName\":\"search_term_string\"}}],\"inLanguage\":\"es\"},{\"@type\":\"Organization\",\"@id\":\"https:\\\/\\\/www.aknostasis.com\\\/es\\\/#organization\",\"name\":\"AKNOSTASIS\",\"url\":\"https:\\\/\\\/www.aknostasis.com\\\/es\\\/\",\"logo\":{\"@type\":\"ImageObject\",\"inLanguage\":\"es\",\"@id\":\"https:\\\/\\\/www.aknostasis.com\\\/es\\\/#\\\/schema\\\/logo\\\/image\\\/\",\"url\":\"https:\\\/\\\/www.aknostasis.com\\\/es\\\/wp-content\\\/uploads\\\/2020\\\/06\\\/aknostasis_cosmeceuticals_bcbt_110x560.png\",\"contentUrl\":\"https:\\\/\\\/www.aknostasis.com\\\/es\\\/wp-content\\\/uploads\\\/2020\\\/06\\\/aknostasis_cosmeceuticals_bcbt_110x560.png\",\"width\":559,\"height\":110,\"caption\":\"AKNOSTASIS\"},\"image\":{\"@id\":\"https:\\\/\\\/www.aknostasis.com\\\/es\\\/#\\\/schema\\\/logo\\\/image\\\/\"},\"sameAs\":[\"https:\\\/\\\/www.facebook.com\\\/Aknostasis-103873258462466\",\"https:\\\/\\\/x.com\\\/aknostasis\",\"https:\\\/\\\/www.instagram.com\\\/aknostasis\"]}]}<\/script>\n<!-- \/ Yoast SEO plugin. -->","yoast_head_json":{"title":"El Acn\u00e9 &#8211; AKN\u03a6STASIS Cosmeceuticals","robots":{"index":"index","follow":"follow","max-snippet":"max-snippet:-1","max-image-preview":"max-image-preview:large","max-video-preview":"max-video-preview:-1"},"canonical":"https:\/\/www.aknostasis.com\/es\/el-acne\/","og_locale":"es_ES","og_type":"article","og_title":"El Acn\u00e9 &#8211; AKN\u03a6STASIS Cosmeceuticals","og_description":"[vc_section][vc_row][vc_column][vc_column_text] Introducci\u00f3n [\/vc_column_text][\/vc_column][\/vc_row][vc_row][vc_column width=&#8221;1\/3&#8243;][vc_single_image image=&#8221;2042&#8243; img_size=&#8221;250&#215;250&#8243; alignment=&#8221;center&#8221; onclick=&#8221;zoom&#8221;][\/vc_column][vc_column width=&#8221;2\/3&#8243;][vc_column_text] El acn\u00e9, acn\u00e9 com\u00fan o acn\u00e9 vulgar son t\u00e9rminos que se","og_url":"https:\/\/www.aknostasis.com\/es\/el-acne\/","og_site_name":"AKN\u03a6STASIS Cosmeceuticals","article_publisher":"https:\/\/www.facebook.com\/Aknostasis-103873258462466","article_modified_time":"2021-08-09T06:42:39+00:00","twitter_card":"summary_large_image","twitter_site":"@aknostasis","twitter_misc":{"Tiempo de lectura":"4 minutos"},"schema":{"@context":"https:\/\/schema.org","@graph":[{"@type":"WebPage","@id":"https:\/\/www.aknostasis.com\/es\/el-acne\/","url":"https:\/\/www.aknostasis.com\/es\/el-acne\/","name":"El Acn\u00e9 &#8211; AKN\u03a6STASIS Cosmeceuticals","isPartOf":{"@id":"https:\/\/www.aknostasis.com\/es\/#website"},"datePublished":"2020-06-24T15:43:32+00:00","dateModified":"2021-08-09T06:42:39+00:00","breadcrumb":{"@id":"https:\/\/www.aknostasis.com\/es\/el-acne\/#breadcrumb"},"inLanguage":"es","potentialAction":[{"@type":"ReadAction","target":["https:\/\/www.aknostasis.com\/es\/el-acne\/"]}]},{"@type":"BreadcrumbList","@id":"https:\/\/www.aknostasis.com\/es\/el-acne\/#breadcrumb","itemListElement":[{"@type":"ListItem","position":1,"name":"Portada","item":"https:\/\/www.aknostasis.com\/es\/"},{"@type":"ListItem","position":2,"name":"El Acn\u00e9"}]},{"@type":"WebSite","@id":"https:\/\/www.aknostasis.com\/es\/#website","url":"https:\/\/www.aknostasis.com\/es\/","name":"AKN\u03a6STASIS Cosmeceuticals","description":"Biotecnolog\u00edas Cosm\u00e9ticas de Vanguardia","publisher":{"@id":"https:\/\/www.aknostasis.com\/es\/#organization"},"potentialAction":[{"@type":"SearchAction","target":{"@type":"EntryPoint","urlTemplate":"https:\/\/www.aknostasis.com\/es\/?s={search_term_string}"},"query-input":{"@type":"PropertyValueSpecification","valueRequired":true,"valueName":"search_term_string"}}],"inLanguage":"es"},{"@type":"Organization","@id":"https:\/\/www.aknostasis.com\/es\/#organization","name":"AKNOSTASIS","url":"https:\/\/www.aknostasis.com\/es\/","logo":{"@type":"ImageObject","inLanguage":"es","@id":"https:\/\/www.aknostasis.com\/es\/#\/schema\/logo\/image\/","url":"https:\/\/www.aknostasis.com\/es\/wp-content\/uploads\/2020\/06\/aknostasis_cosmeceuticals_bcbt_110x560.png","contentUrl":"https:\/\/www.aknostasis.com\/es\/wp-content\/uploads\/2020\/06\/aknostasis_cosmeceuticals_bcbt_110x560.png","width":559,"height":110,"caption":"AKNOSTASIS"},"image":{"@id":"https:\/\/www.aknostasis.com\/es\/#\/schema\/logo\/image\/"},"sameAs":["https:\/\/www.facebook.com\/Aknostasis-103873258462466","https:\/\/x.com\/aknostasis","https:\/\/www.instagram.com\/aknostasis"]}]}},"_links":{"self":[{"href":"https:\/\/www.aknostasis.com\/es\/wp-json\/wp\/v2\/pages\/2003","targetHints":{"allow":["GET"]}}],"collection":[{"href":"https:\/\/www.aknostasis.com\/es\/wp-json\/wp\/v2\/pages"}],"about":[{"href":"https:\/\/www.aknostasis.com\/es\/wp-json\/wp\/v2\/types\/page"}],"author":[{"embeddable":true,"href":"https:\/\/www.aknostasis.com\/es\/wp-json\/wp\/v2\/users\/8"}],"replies":[{"embeddable":true,"href":"https:\/\/www.aknostasis.com\/es\/wp-json\/wp\/v2\/comments?post=2003"}],"version-history":[{"count":0,"href":"https:\/\/www.aknostasis.com\/es\/wp-json\/wp\/v2\/pages\/2003\/revisions"}],"wp:attachment":[{"href":"https:\/\/www.aknostasis.com\/es\/wp-json\/wp\/v2\/media?parent=2003"}],"wp:term":[{"taxonomy":"category","embeddable":true,"href":"https:\/\/www.aknostasis.com\/es\/wp-json\/wp\/v2\/categories?post=2003"},{"taxonomy":"post_tag","embeddable":true,"href":"https:\/\/www.aknostasis.com\/es\/wp-json\/wp\/v2\/tags?post=2003"}],"curies":[{"name":"wp","href":"https:\/\/api.w.org\/{rel}","templated":true}]}}