{"id":1950,"date":"2020-06-23T14:41:10","date_gmt":"2020-06-23T12:41:10","guid":{"rendered":"http:\/\/localhost\/aknostasis\/es\/?page_id=1950"},"modified":"2021-08-09T10:30:42","modified_gmt":"2021-08-09T08:30:42","slug":"montserrat-donaire","status":"publish","type":"page","link":"https:\/\/www.aknostasis.com\/es\/montserrat-donaire\/","title":{"rendered":"Montserrat Donaire"},"content":{"rendered":"<div class=\"wpb-content-wrapper\"><p>[vc_row full_width=&#8221;stretch_row_content_no_spaces&#8221; content_placement=&#8221;middle&#8221; css=&#8221;.vc_custom_1451486211770{margin-top: -40px !important;margin-bottom: -40px !important;}&#8221;][vc_column offset=&#8221;vc_col-md-6&#8243;][vc_single_image image=&#8221;2474&#8243; img_size=&#8221;full&#8221; alignment=&#8221;center&#8221; style=&#8221;vc_box_shadow_border&#8221; css_animation=&#8221;fadeIn&#8221; css=&#8221;.vc_custom_1620996923166{margin-bottom: 0px !important;}&#8221;][\/vc_column][vc_column css=&#8221;.vc_custom_1485009354843{margin-top: 25px !important;margin-bottom: 40px !important;padding-right: 10% !important;padding-left: 10% !important;}&#8221; offset=&#8221;vc_col-md-6&#8243;][vc_column_text css=&#8221;.vc_custom_1616763137756{margin-bottom: 30px !important;}&#8221;]<\/p>\n<h1 class=\"font-title\" style=\"text-align: center; font-size: 42px; text-transform: capitalize;\"><span style=\"color: #0000ff;\">&#8220;No basta con recuperar la piel,<\/span><br \/>\n<span style=\"color: #0000ff;\">hay que mantenerla despu\u00e9s&#8221;<\/span><\/h1>\n<p style=\"text-align: right;\"><span style=\"color: #0000ff;\">Montserrat Mart\u00edn Donaire<\/span><\/p>\n<p>[\/vc_column_text][vc_column_text css=&#8221;.vc_custom_1628497837758{padding-right: 30px !important;padding-left: 30px !important;}&#8221;]<\/p>\n<p style=\"text-align: left; line-height: 1.8;\">Profesional del mundo de la est\u00e9tica desde hace casi 4 d\u00e9cadas, Montserrat Mart\u00edn Donaire es una de las personas que fundan AKN\u03a6STASIS.<\/p>\n<p style=\"text-align: left; line-height: 1.8;\">Tras largos a\u00f1os de experiencia en cosm\u00e9tica -primero como prescriptora de marcas comerciales en su centro de est\u00e9tica y luego como dise\u00f1adora y fabricante de productos cosm\u00e9ticos ad hoc, en Donaire Belleza y L\u00e1ser-, Montserrat es la persona alrededor de la cual surge este proyecto.<\/p>\n<p style=\"text-align: left; line-height: 1.8;\">Ella cuenta que desde que logr\u00f3 superar el acn\u00e9 conglobata que sufri\u00f3 durante mucho tiempo, decidi\u00f3 compartir este \u00e9xito y poner toda su experiencia, su energ\u00eda, y su saber, a disposici\u00f3n de tantas personas que sufren de acn\u00e9.<\/p>\n<p style=\"text-align: left; line-height: 1.8;\">Lidera con entusiasmo este equipo de profesionales, con unos resultados que no pueden ser m\u00e1s satisfactorios: <em>\u201c\u00bfconseguir estas mejor\u00edas en la piel sin recurrir a la medicina? \u00a1para m\u00ed era impensable!\u201d<\/em><\/p>\n<p>[\/vc_column_text][vc_single_image image=&#8221;783&#8243; img_size=&#8221;full&#8221; alignment=&#8221;center&#8221; css=&#8221;.vc_custom_1486629837445{margin-bottom: 30px !important;}&#8221;]\n\t\t\t<ul class=\"social-icons text-center icons-design-circle icons-size-default social-share \">\n\t\t\t\t\t\t\t\t\t<li class=\"social-facebook\"><a rel=\"noopener noreferrer nofollow\" href=\"https:\/\/www.facebook.com\/sharer\/sharer.php?u=https:\/\/www.aknostasis.com\/es\/montserrat-donaire\/\" target=\"_blank\" class=\"\"><i class=\"fa fa-facebook\"><\/i><span class=\"basel-social-icon-name\">Facebook<\/span><\/a><\/li>\n\t\t\t\t\n\t\t\t\t\t\t\t\t\t<li class=\"social-x\"><a rel=\"noopener noreferrer nofollow\" href=\"https:\/\/twitter.com\/share?url=https:\/\/www.aknostasis.com\/es\/montserrat-donaire\/\" target=\"_blank\" class=\"\"><i class=\"fa fa-x\"><\/i><span class=\"basel-social-icon-name\">X<\/span><\/a><\/li>\n\t\t\t\t\n\t\t\t\t\t\t\t\t\t<li class=\"social-email\"><a rel=\"noopener noreferrer nofollow\" href=\"mailto:?subject=Compruebe%20this%20https:\/\/www.aknostasis.com\/es\/montserrat-donaire\/\" target=\"_blank\" class=\"\"><i class=\"fa fa-envelope\"><\/i><span class=\"basel-social-icon-name\">Email<\/span><\/a><\/li>\n\t\t\t\t\n\t\t\t\t\n\t\t\t\t\n\t\t\t\t\t\t\t\t\t<li class=\"social-pinterest\"><a rel=\"noopener noreferrer nofollow\" href=\"https:\/\/pinterest.com\/pin\/create\/button\/?url=https:\/\/www.aknostasis.com\/es\/montserrat-donaire\/&media=https:\/\/www.aknostasis.com\/es\/wp-includes\/images\/media\/default.svg\" target=\"_blank\" class=\"\"><i class=\"fa fa-pinterest\"><\/i><span class=\"basel-social-icon-name\">Pinterest<\/span><\/a><\/li>\n\t\t\t\t\n\t\t\t\t\n\t\t\t\t\t\t\t\t\t<li class=\"social-linkedin\"><a rel=\"noopener noreferrer nofollow\" href=\"https:\/\/www.linkedin.com\/shareArticle?mini=true&url=https:\/\/www.aknostasis.com\/es\/montserrat-donaire\/\" target=\"_blank\" class=\"\"><i class=\"fa fa-linkedin\"><\/i><span class=\"basel-social-icon-name\">LinkedIn<\/span><\/a><\/li>\n\t\t\t\t\n\t\t\t\t\n\t\t\t\t\n\t\t\t\t\n\t\t\t\t\n\t\t\t\t\n\t\t\t\t\n\t\t\t\t\n\t\t\t\t\n\t\t\t\t\t\t\t\t\n\t\t\t\t\n\t\t\t\t\n\t\t\t\t\n\t\t\t\t\t\t\t<\/ul>\n\n\t\t[\/vc_column][\/vc_row]<\/p>\n<\/div>","protected":false},"excerpt":{"rendered":"<p>[vc_row full_width=&#8221;stretch_row_content_no_spaces&#8221; content_placement=&#8221;middle&#8221; css=&#8221;.vc_custom_1451486211770{margin-top: -40px !important;margin-bottom: -40px !important;}&#8221;][vc_column offset=&#8221;vc_col-md-6&#8243;][vc_single_image image=&#8221;2474&#8243; img_size=&#8221;full&#8221; alignment=&#8221;center&#8221; style=&#8221;vc_box_shadow_border&#8221; css_animation=&#8221;fadeIn&#8221; css=&#8221;.vc_custom_1620996923166{margin-bottom: 0px !important;}&#8221;][\/vc_column][vc_column css=&#8221;.vc_custom_1485009354843{margin-top: 25px !important;margin-bottom:<\/p>\n","protected":false},"author":8,"featured_media":0,"parent":0,"menu_order":0,"comment_status":"closed","ping_status":"closed","template":"","meta":{"footnotes":""},"categories":[],"tags":[],"class_list":["post-1950","page","type-page","status-publish","hentry"],"yoast_head":"<!-- This site is optimized with the Yoast SEO plugin v27.5 - https:\/\/yoast.com\/product\/yoast-seo-wordpress\/ -->\n<title>Montserrat Donaire &#8211; AKN\u03a6STASIS Cosmeceuticals<\/title>\n<meta name=\"robots\" content=\"index, follow, max-snippet:-1, max-image-preview:large, max-video-preview:-1\" \/>\n<link rel=\"canonical\" href=\"https:\/\/www.aknostasis.com\/es\/montserrat-donaire\/\" \/>\n<meta property=\"og:locale\" content=\"es_ES\" \/>\n<meta property=\"og:type\" content=\"article\" \/>\n<meta property=\"og:title\" content=\"Montserrat Donaire &#8211; AKN\u03a6STASIS Cosmeceuticals\" \/>\n<meta property=\"og:description\" content=\"[vc_row full_width=&#8221;stretch_row_content_no_spaces&#8221; content_placement=&#8221;middle&#8221; css=&#8221;.vc_custom_1451486211770{margin-top: -40px !important;margin-bottom: -40px !important;}&#8221;][vc_column offset=&#8221;vc_col-md-6&#8243;][vc_single_image image=&#8221;2474&#8243; img_size=&#8221;full&#8221; alignment=&#8221;center&#8221; style=&#8221;vc_box_shadow_border&#8221; css_animation=&#8221;fadeIn&#8221; css=&#8221;.vc_custom_1620996923166{margin-bottom: 0px !important;}&#8221;][\/vc_column][vc_column css=&#8221;.vc_custom_1485009354843{margin-top: 25px !important;margin-bottom:\" \/>\n<meta property=\"og:url\" content=\"https:\/\/www.aknostasis.com\/es\/montserrat-donaire\/\" \/>\n<meta property=\"og:site_name\" content=\"AKN\u03a6STASIS Cosmeceuticals\" \/>\n<meta property=\"article:publisher\" content=\"https:\/\/www.facebook.com\/Aknostasis-103873258462466\" \/>\n<meta property=\"article:modified_time\" content=\"2021-08-09T08:30:42+00:00\" \/>\n<meta name=\"twitter:card\" content=\"summary_large_image\" \/>\n<meta name=\"twitter:site\" content=\"@aknostasis\" \/>\n<meta name=\"twitter:label1\" content=\"Tiempo de lectura\" \/>\n\t<meta name=\"twitter:data1\" content=\"1 minuto\" \/>\n<script type=\"application\/ld+json\" class=\"yoast-schema-graph\">{\"@context\":\"https:\\\/\\\/schema.org\",\"@graph\":[{\"@type\":\"WebPage\",\"@id\":\"https:\\\/\\\/www.aknostasis.com\\\/es\\\/montserrat-donaire\\\/\",\"url\":\"https:\\\/\\\/www.aknostasis.com\\\/es\\\/montserrat-donaire\\\/\",\"name\":\"Montserrat Donaire &#8211; AKN\u03a6STASIS Cosmeceuticals\",\"isPartOf\":{\"@id\":\"https:\\\/\\\/www.aknostasis.com\\\/es\\\/#website\"},\"datePublished\":\"2020-06-23T12:41:10+00:00\",\"dateModified\":\"2021-08-09T08:30:42+00:00\",\"breadcrumb\":{\"@id\":\"https:\\\/\\\/www.aknostasis.com\\\/es\\\/montserrat-donaire\\\/#breadcrumb\"},\"inLanguage\":\"es\",\"potentialAction\":[{\"@type\":\"ReadAction\",\"target\":[\"https:\\\/\\\/www.aknostasis.com\\\/es\\\/montserrat-donaire\\\/\"]}]},{\"@type\":\"BreadcrumbList\",\"@id\":\"https:\\\/\\\/www.aknostasis.com\\\/es\\\/montserrat-donaire\\\/#breadcrumb\",\"itemListElement\":[{\"@type\":\"ListItem\",\"position\":1,\"name\":\"Portada\",\"item\":\"https:\\\/\\\/www.aknostasis.com\\\/es\\\/\"},{\"@type\":\"ListItem\",\"position\":2,\"name\":\"Montserrat Donaire\"}]},{\"@type\":\"WebSite\",\"@id\":\"https:\\\/\\\/www.aknostasis.com\\\/es\\\/#website\",\"url\":\"https:\\\/\\\/www.aknostasis.com\\\/es\\\/\",\"name\":\"AKN\u03a6STASIS Cosmeceuticals\",\"description\":\"Biotecnolog\u00edas Cosm\u00e9ticas de Vanguardia\",\"publisher\":{\"@id\":\"https:\\\/\\\/www.aknostasis.com\\\/es\\\/#organization\"},\"potentialAction\":[{\"@type\":\"SearchAction\",\"target\":{\"@type\":\"EntryPoint\",\"urlTemplate\":\"https:\\\/\\\/www.aknostasis.com\\\/es\\\/?s={search_term_string}\"},\"query-input\":{\"@type\":\"PropertyValueSpecification\",\"valueRequired\":true,\"valueName\":\"search_term_string\"}}],\"inLanguage\":\"es\"},{\"@type\":\"Organization\",\"@id\":\"https:\\\/\\\/www.aknostasis.com\\\/es\\\/#organization\",\"name\":\"AKNOSTASIS\",\"url\":\"https:\\\/\\\/www.aknostasis.com\\\/es\\\/\",\"logo\":{\"@type\":\"ImageObject\",\"inLanguage\":\"es\",\"@id\":\"https:\\\/\\\/www.aknostasis.com\\\/es\\\/#\\\/schema\\\/logo\\\/image\\\/\",\"url\":\"https:\\\/\\\/www.aknostasis.com\\\/es\\\/wp-content\\\/uploads\\\/2020\\\/06\\\/aknostasis_cosmeceuticals_bcbt_110x560.png\",\"contentUrl\":\"https:\\\/\\\/www.aknostasis.com\\\/es\\\/wp-content\\\/uploads\\\/2020\\\/06\\\/aknostasis_cosmeceuticals_bcbt_110x560.png\",\"width\":559,\"height\":110,\"caption\":\"AKNOSTASIS\"},\"image\":{\"@id\":\"https:\\\/\\\/www.aknostasis.com\\\/es\\\/#\\\/schema\\\/logo\\\/image\\\/\"},\"sameAs\":[\"https:\\\/\\\/www.facebook.com\\\/Aknostasis-103873258462466\",\"https:\\\/\\\/x.com\\\/aknostasis\",\"https:\\\/\\\/www.instagram.com\\\/aknostasis\"]}]}<\/script>\n<!-- \/ Yoast SEO plugin. -->","yoast_head_json":{"title":"Montserrat Donaire &#8211; AKN\u03a6STASIS Cosmeceuticals","robots":{"index":"index","follow":"follow","max-snippet":"max-snippet:-1","max-image-preview":"max-image-preview:large","max-video-preview":"max-video-preview:-1"},"canonical":"https:\/\/www.aknostasis.com\/es\/montserrat-donaire\/","og_locale":"es_ES","og_type":"article","og_title":"Montserrat Donaire &#8211; AKN\u03a6STASIS Cosmeceuticals","og_description":"[vc_row full_width=&#8221;stretch_row_content_no_spaces&#8221; content_placement=&#8221;middle&#8221; css=&#8221;.vc_custom_1451486211770{margin-top: -40px !important;margin-bottom: -40px !important;}&#8221;][vc_column offset=&#8221;vc_col-md-6&#8243;][vc_single_image image=&#8221;2474&#8243; img_size=&#8221;full&#8221; alignment=&#8221;center&#8221; style=&#8221;vc_box_shadow_border&#8221; css_animation=&#8221;fadeIn&#8221; css=&#8221;.vc_custom_1620996923166{margin-bottom: 0px !important;}&#8221;][\/vc_column][vc_column css=&#8221;.vc_custom_1485009354843{margin-top: 25px !important;margin-bottom:","og_url":"https:\/\/www.aknostasis.com\/es\/montserrat-donaire\/","og_site_name":"AKN\u03a6STASIS Cosmeceuticals","article_publisher":"https:\/\/www.facebook.com\/Aknostasis-103873258462466","article_modified_time":"2021-08-09T08:30:42+00:00","twitter_card":"summary_large_image","twitter_site":"@aknostasis","twitter_misc":{"Tiempo de lectura":"1 minuto"},"schema":{"@context":"https:\/\/schema.org","@graph":[{"@type":"WebPage","@id":"https:\/\/www.aknostasis.com\/es\/montserrat-donaire\/","url":"https:\/\/www.aknostasis.com\/es\/montserrat-donaire\/","name":"Montserrat Donaire &#8211; AKN\u03a6STASIS Cosmeceuticals","isPartOf":{"@id":"https:\/\/www.aknostasis.com\/es\/#website"},"datePublished":"2020-06-23T12:41:10+00:00","dateModified":"2021-08-09T08:30:42+00:00","breadcrumb":{"@id":"https:\/\/www.aknostasis.com\/es\/montserrat-donaire\/#breadcrumb"},"inLanguage":"es","potentialAction":[{"@type":"ReadAction","target":["https:\/\/www.aknostasis.com\/es\/montserrat-donaire\/"]}]},{"@type":"BreadcrumbList","@id":"https:\/\/www.aknostasis.com\/es\/montserrat-donaire\/#breadcrumb","itemListElement":[{"@type":"ListItem","position":1,"name":"Portada","item":"https:\/\/www.aknostasis.com\/es\/"},{"@type":"ListItem","position":2,"name":"Montserrat Donaire"}]},{"@type":"WebSite","@id":"https:\/\/www.aknostasis.com\/es\/#website","url":"https:\/\/www.aknostasis.com\/es\/","name":"AKN\u03a6STASIS Cosmeceuticals","description":"Biotecnolog\u00edas Cosm\u00e9ticas de Vanguardia","publisher":{"@id":"https:\/\/www.aknostasis.com\/es\/#organization"},"potentialAction":[{"@type":"SearchAction","target":{"@type":"EntryPoint","urlTemplate":"https:\/\/www.aknostasis.com\/es\/?s={search_term_string}"},"query-input":{"@type":"PropertyValueSpecification","valueRequired":true,"valueName":"search_term_string"}}],"inLanguage":"es"},{"@type":"Organization","@id":"https:\/\/www.aknostasis.com\/es\/#organization","name":"AKNOSTASIS","url":"https:\/\/www.aknostasis.com\/es\/","logo":{"@type":"ImageObject","inLanguage":"es","@id":"https:\/\/www.aknostasis.com\/es\/#\/schema\/logo\/image\/","url":"https:\/\/www.aknostasis.com\/es\/wp-content\/uploads\/2020\/06\/aknostasis_cosmeceuticals_bcbt_110x560.png","contentUrl":"https:\/\/www.aknostasis.com\/es\/wp-content\/uploads\/2020\/06\/aknostasis_cosmeceuticals_bcbt_110x560.png","width":559,"height":110,"caption":"AKNOSTASIS"},"image":{"@id":"https:\/\/www.aknostasis.com\/es\/#\/schema\/logo\/image\/"},"sameAs":["https:\/\/www.facebook.com\/Aknostasis-103873258462466","https:\/\/x.com\/aknostasis","https:\/\/www.instagram.com\/aknostasis"]}]}},"_links":{"self":[{"href":"https:\/\/www.aknostasis.com\/es\/wp-json\/wp\/v2\/pages\/1950","targetHints":{"allow":["GET"]}}],"collection":[{"href":"https:\/\/www.aknostasis.com\/es\/wp-json\/wp\/v2\/pages"}],"about":[{"href":"https:\/\/www.aknostasis.com\/es\/wp-json\/wp\/v2\/types\/page"}],"author":[{"embeddable":true,"href":"https:\/\/www.aknostasis.com\/es\/wp-json\/wp\/v2\/users\/8"}],"replies":[{"embeddable":true,"href":"https:\/\/www.aknostasis.com\/es\/wp-json\/wp\/v2\/comments?post=1950"}],"version-history":[{"count":0,"href":"https:\/\/www.aknostasis.com\/es\/wp-json\/wp\/v2\/pages\/1950\/revisions"}],"wp:attachment":[{"href":"https:\/\/www.aknostasis.com\/es\/wp-json\/wp\/v2\/media?parent=1950"}],"wp:term":[{"taxonomy":"category","embeddable":true,"href":"https:\/\/www.aknostasis.com\/es\/wp-json\/wp\/v2\/categories?post=1950"},{"taxonomy":"post_tag","embeddable":true,"href":"https:\/\/www.aknostasis.com\/es\/wp-json\/wp\/v2\/tags?post=1950"}],"curies":[{"name":"wp","href":"https:\/\/api.w.org\/{rel}","templated":true}]}}