{"id":1909,"date":"2020-06-18T18:58:05","date_gmt":"2020-06-18T16:58:05","guid":{"rendered":"http:\/\/localhost\/aknostasis\/es\/?page_id=1909"},"modified":"2021-03-05T10:06:07","modified_gmt":"2021-03-05T09:06:07","slug":"centros-autorizados","status":"publish","type":"page","link":"https:\/\/www.aknostasis.com\/es\/centros-autorizados\/","title":{"rendered":"Centros Autorizados"},"content":{"rendered":"<div class=\"wpb-content-wrapper\"><p>[vc_row][vc_column][vc_column_text]<\/p>\n<h3 style=\"text-align: center;\"><strong>Cl\u00ednicas y Centros Est\u00e9ticos &#8211; Salones de Bellezza<\/strong><\/h3>\n<hr \/>\n<p>[\/vc_column_text][\/vc_column][\/vc_row][vc_row equal_height=&#8221;yes&#8221;][vc_column width=&#8221;1\/4&#8243;][vc_single_image image=&#8221;2376&#8243; img_size=&#8221;200&#215;200&#8243; css_animation=&#8221;fadeIn&#8221;][\/vc_column][vc_column width=&#8221;1\/2&#8243;][vc_column_text css_animation=&#8221;fadeIn&#8221;]<\/p>\n<h3>Donaire Marbella<\/h3>\n<h4>Pepi Franco<\/h4>\n<h5>Gerente<\/h5>\n<p><i class=\"fa fa-phone-square-alt\" style=\"width: 15px; text-align: center; margin-right: 4px; color: #676767;\"><\/i> 952 900916 <a href=\"tel:952900916\">Pulse para llamar<\/a><br \/>\n<i class=\"fa fa-whatsapp\" style=\"width: 15px; text-align: center; margin-right: 4px; color: #24cc63;\"><\/i> 651 162996 <a href=\"https:\/\/wa.me\/34651162996\">Pulse para enviar un mensaje Whatsapp<\/a>[\/vc_column_text][\/vc_column][vc_column width=&#8221;1\/4&#8243;][vc_gmaps link=&#8221;#E-8_JTNDaWZyYW1lJTIwc3JjJTNEJTIyaHR0cHMlM0ElMkYlMkZ3d3cuZ29vZ2xlLmNvbSUyRm1hcHMlMkZlbWJlZCUzRnBiJTNEJTIxMW0xOCUyMTFtMTIlMjExbTMlMjExZDMyMDYuNjg1NDY2OTAyNTc2NSUyMTJkLTQuODgzNTkxNjg0NzE4MTUxJTIxM2QzNi41MTM0NTM5ODAwMDg2OCUyMTJtMyUyMTFmMCUyMTJmMCUyMTNmMCUyMTNtMiUyMTFpMTAyNCUyMTJpNzY4JTIxNGYxMy4xJTIxM20zJTIxMW0yJTIxMXMweDAlMjUzQTB4ZDdjZGU3YTk0MTRmZDI1JTIxMnNEb25haXJlJTI1MjBCZWxsZXphJTI1MjBZJTI1MjBMJTI1QzMlMjVBMXNlciUyNTIwTWFyYmVsbGElMjE1ZTAlMjEzbTIlMjExc2VzJTIxMnNlcyUyMTR2MTU3MDQ0MDY0MTkzOCUyMTVtMiUyMTFzZXMlMjEyc2VzJTIyJTIwd2lkdGglM0QlMjI2MDAlMjIlMjBoZWlnaHQlM0QlMjI0NTAlMjIlMjBmcmFtZWJvcmRlciUzRCUyMjAlMjIlMjBzdHlsZSUzRCUyMmJvcmRlciUzQTAlMjIlMjBhbGxvd2Z1bGxzY3JlZW4lM0UlM0MlMkZpZnJhbWUlM0U=&#8221; size=&#8221;200&#8243; css_animation=&#8221;fadeIn&#8221;][\/vc_column][\/vc_row][vc_row equal_height=&#8221;yes&#8221;][vc_column width=&#8221;1\/4&#8243;][vc_single_image image=&#8221;2373&#8243; img_size=&#8221;200&#215;200&#8243; css_animation=&#8221;fadeIn&#8221;][\/vc_column][vc_column width=&#8221;1\/2&#8243;][vc_column_text css_animation=&#8221;fadeIn&#8221;]<\/p>\n<h3>Donaire M\u00e1laga Centro<\/h3>\n<h4>Marga Parra<\/h4>\n<h5>Gerente<\/h5>\n<p><i class=\"fa fa-phone-square-alt\" style=\"width: 15px; text-align: center; margin-right: 4px; color: #676767;\"><\/i> 952 219014 <a href=\"tel:952219014\">Pulse para llamar<\/a><br \/>\n<i class=\"fa fa-whatsapp\" style=\"width: 15px; text-align: center; margin-right: 4px; color: #24cc63;\"><\/i> 655 954645 <a href=\"https:\/\/wa.me\/34655954645\">Pulse para enviar un mensaje Whatsapp<\/a>[\/vc_column_text][\/vc_column][vc_column width=&#8221;1\/4&#8243;][vc_gmaps link=&#8221;#E-8_JTNDaWZyYW1lJTIwc3JjJTNEJTIyaHR0cHMlM0ElMkYlMkZ3d3cuZ29vZ2xlLmNvbSUyRm1hcHMlMkZlbWJlZCUzRnBiJTNEJTIxMW0xOCUyMTFtMTIlMjExbTMlMjExZDMxOTguMTU4MzYwNzg2ODExNSUyMTJkLTQuNDI3MzMyMzg0NzEyNDA3NSUyMTNkMzYuNzE4NzU3Nzc5OTY1NDIlMjEybTMlMjExZjAlMjEyZjAlMjEzZjAlMjEzbTIlMjExaTEwMjQlMjEyaTc2OCUyMTRmMTMuMSUyMTNtMyUyMTFtMiUyMTFzMHgwJTI1M0EweDZhY2VjZTVjYzVkYjFiYTUlMjEyc0RvbmFpcmUlMjUyMEJlbGxlemElMjUyMFklMjUyMEwlMjVDMyUyNUExc2VyJTI1MjBDZW50cm8lMjE1ZTAlMjEzbTIlMjExc2VzJTIxMnNlcyUyMTR2MTU3MDQ0MDI1NTg0NiUyMTVtMiUyMTFzZXMlMjEyc2VzJTIyJTIwd2lkdGglM0QlMjI2MDAlMjIlMjBoZWlnaHQlM0QlMjI0NTAlMjIlMjBmcmFtZWJvcmRlciUzRCUyMjAlMjIlMjBzdHlsZSUzRCUyMmJvcmRlciUzQTAlMjIlMjBhbGxvd2Z1bGxzY3JlZW4lM0UlM0MlMkZpZnJhbWUlM0U=&#8221; size=&#8221;200&#8243; css_animation=&#8221;fadeIn&#8221;][\/vc_column][\/vc_row][vc_row equal_height=&#8221;yes&#8221;][vc_column width=&#8221;1\/4&#8243;][vc_single_image image=&#8221;2375&#8243; img_size=&#8221;200&#215;200&#8243; css_animation=&#8221;fadeIn&#8221;][\/vc_column][vc_column width=&#8221;1\/2&#8243;][vc_column_text css_animation=&#8221;fadeIn&#8221;]<\/p>\n<h3>Donaire Santa Rosa de Lima, M\u00e1laga<\/h3>\n<h4>Paqui Arag\u00f3n<\/h4>\n<h5>Gerente<\/h5>\n<p><i class=\"fa fa-phone-square-alt\" style=\"width: 15px; text-align: center; margin-right: 4px; color: #676767;\"><\/i> 952 328157 <a href=\"tel:952328157\">Pulse para llamar<\/a><br \/>\n<i class=\"fa fa-whatsapp\" style=\"width: 15px; text-align: center; margin-right: 4px; color: #24cc63;\"><\/i> 692 038796 <a href=\"https:\/\/wa.me\/34692038796\">Pulse para enviar un mensaje Whatsapp<\/a>[\/vc_column_text][\/vc_column][vc_column width=&#8221;1\/4&#8243;][vc_gmaps link=&#8221;#E-8_JTNDaWZyYW1lJTIwc3JjJTNEJTIyaHR0cHMlM0ElMkYlMkZ3d3cuZ29vZ2xlLmNvbSUyRm1hcHMlMkZlbWJlZCUzRnBiJTNEJTIxMW0xOCUyMTFtMTIlMjExbTMlMjExZDc2MDYuNDQ2ODcxNzY3OTk2NSUyMTJkLTQuNDQ3MTIwMDY1MjQ5NjUyJTIxM2QzNi43MTk3NTIzMTUyMDQ2NCUyMTJtMyUyMTFmMCUyMTJmMCUyMTNmMCUyMTNtMiUyMTFpMTAyNCUyMTJpNzY4JTIxNGYxMy4xJTIxM20zJTIxMW0yJTIxMXMweDAlMjUzQTB4MzlkOGJlZjI1NmQxNGIxNiUyMTJzRG9uYWlyZSUyNTIwQmVsbGV6YSUyNTIweSUyNTIwTCUyNUMzJTI1QTFzZXIlMjUyMFNhbnRhJTI1MjBSb3NhJTIxNWUwJTIxM20yJTIxMXNlcyUyMTJzZXMlMjE0djE1NzA0NDA1NDAxNDAlMjE1bTIlMjExc2VzJTIxMnNlcyUyMiUyMHdpZHRoJTNEJTIyNjAwJTIyJTIwaGVpZ2h0JTNEJTIyNDUwJTIyJTIwZnJhbWVib3JkZXIlM0QlMjIwJTIyJTIwc3R5bGUlM0QlMjJib3JkZXIlM0EwJTIyJTIwYWxsb3dmdWxsc2NyZWVuJTNFJTNDJTJGaWZyYW1lJTNF&#8221; size=&#8221;200&#8243; css_animation=&#8221;fadeIn&#8221;][\/vc_column][\/vc_row][vc_row equal_height=&#8221;yes&#8221;][vc_column width=&#8221;1\/4&#8243;][vc_single_image image=&#8221;2371&#8243; img_size=&#8221;200&#215;200&#8243; css_animation=&#8221;fadeIn&#8221;][\/vc_column][vc_column width=&#8221;1\/2&#8243;][vc_column_text css_animation=&#8221;fadeIn&#8221;]<\/p>\n<h3>Donaire Parque Mediterraneo, M\u00e1laga<\/h3>\n<h4>Loly Cerd\u00e1n<\/h4>\n<h5>Gerente<\/h5>\n<p><i class=\"fa fa-phone-square-alt\" style=\"width: 15px; text-align: center; margin-right: 4px; color: #676767;\"><\/i> 952 233595 <a href=\"tel:952233595\">Pulse para llamar<\/a><br \/>\n<i class=\"fa fa-whatsapp\" style=\"width: 15px; text-align: center; margin-right: 4px; color: #24cc63;\"><\/i> 615 424464 <a href=\"https:\/\/wa.me\/34615424464\">Pulse para enviar un mensaje Whatsapp<\/a>[\/vc_column_text][\/vc_column][vc_column width=&#8221;1\/4&#8243;][vc_gmaps link=&#8221;#E-8_JTNDaWZyYW1lJTIwc3JjJTNEJTIyaHR0cHMlM0ElMkYlMkZ3d3cuZ29vZ2xlLmNvbSUyRm1hcHMlMkZlbWJlZCUzRnBiJTNEJTIxMW0xOCUyMTFtMTIlMjExbTMlMjExZDMxOTkuMjAxNjczNzUzNzIzJTIxMmQtNC40NDc2MTI5ODQ3MTMwOTQ1JTIxM2QzNi42OTM2OTEzNzk5NzA1NiUyMTJtMyUyMTFmMCUyMTJmMCUyMTNmMCUyMTNtMiUyMTFpMTAyNCUyMTJpNzY4JTIxNGYxMy4xJTIxM20zJTIxMW0yJTIxMXMweDAlMjUzQTB4NGUzZTdlN2MxOWIzOTU4MSUyMTJzRG9uYWlyZSUyNTIwQmVsbGV6YSUyNTIweSUyNTIwTCUyNUMzJTI1QTFzZXIlMjUyME1lZGl0ZXJyYW5lbyUyMTVlMCUyMTNtMiUyMTFzZXMlMjEyc2VzJTIxNHYxNTcwNDM5ODk5NDEyJTIxNW0yJTIxMXNlcyUyMTJzZXMlMjIlMjB3aWR0aCUzRCUyMjYwMCUyMiUyMGhlaWdodCUzRCUyMjQ1MCUyMiUyMGZyYW1lYm9yZGVyJTNEJTIyMCUyMiUyMHN0eWxlJTNEJTIyYm9yZGVyJTNBMCUyMiUyMGFsbG93ZnVsbHNjcmVlbiUzRSUzQyUyRmlmcmFtZSUzRQ==&#8221; size=&#8221;200&#8243; css_animation=&#8221;fadeIn&#8221;][\/vc_column][\/vc_row][vc_row equal_height=&#8221;yes&#8221;][vc_column width=&#8221;1\/4&#8243;][vc_single_image image=&#8221;2372&#8243; img_size=&#8221;200&#215;200&#8243; css_animation=&#8221;fadeIn&#8221;][\/vc_column][vc_column width=&#8221;1\/2&#8243;][vc_column_text css_animation=&#8221;fadeIn&#8221;]<\/p>\n<h3>Donaire Alhaurin de la Torre<\/h3>\n<h4>Loly Cerd\u00e1n<\/h4>\n<h5>Gerente<\/h5>\n<p><i class=\"fa fa-phone-square-alt\" style=\"width: 15px; text-align: center; margin-right: 4px; color: #676767;\"><\/i> 952 410719 <a href=\"tel:952410719\">Pulse para llamar<\/a><br \/>\n<i class=\"fa fa-whatsapp\" style=\"width: 15px; text-align: center; margin-right: 4px; color: #24cc63;\"><\/i> 655 362031 <a href=\"https:\/\/wa.me\/34655362031\">Pulse para enviar un mensaje Whatsapp<\/a>[\/vc_column_text][\/vc_column][vc_column width=&#8221;1\/4&#8243;][vc_gmaps link=&#8221;#E-8_JTNDaWZyYW1lJTIwc3JjJTNEJTIyaHR0cHMlM0ElMkYlMkZ3d3cuZ29vZ2xlLmNvbSUyRm1hcHMlMkZlbWJlZCUzRnBiJTNEJTIxMW0xOCUyMTFtMTIlMjExbTMlMjExZDMyMDAuNTg0MjM5NDk2MjU3NCUyMTJkLTQuNTYzOTE5Mzg0NzE0MDU1JTIxM2QzNi42NjA0NTE0Nzk5Nzc1OSUyMTJtMyUyMTFmMCUyMTJmMCUyMTNmMCUyMTNtMiUyMTFpMTAyNCUyMTJpNzY4JTIxNGYxMy4xJTIxM20zJTIxMW0yJTIxMXMweDAlMjUzQTB4ZWQ2ODgzMjJhYjIwZDQyOCUyMTJzRG9uYWlyZSUyNTIwQmVsbGV6YSUyNTIweSUyNTIwTCUyNUMzJTI1QTFzZXIlMjUyMEFsaGF1ciUyNUMzJTI1QURuJTIxNWUwJTIxM20yJTIxMXNlcyUyMTJzZXMlMjE0djE1NzA0NDA0NTgxMzElMjE1bTIlMjExc2VzJTIxMnNlcyUyMiUyMHdpZHRoJTNEJTIyNjAwJTIyJTIwaGVpZ2h0JTNEJTIyNDUwJTIyJTIwZnJhbWVib3JkZXIlM0QlMjIwJTIyJTIwc3R5bGUlM0QlMjJib3JkZXIlM0EwJTIyJTIwYWxsb3dmdWxsc2NyZWVuJTNFJTNDJTJGaWZyYW1lJTNF&#8221; size=&#8221;200&#8243; css_animation=&#8221;fadeIn&#8221;][\/vc_column][\/vc_row][vc_row equal_height=&#8221;yes&#8221;][vc_column width=&#8221;1\/4&#8243;][vc_single_image image=&#8221;2374&#8243; img_size=&#8221;200&#215;200&#8243; css_animation=&#8221;fadeIn&#8221;][\/vc_column][vc_column width=&#8221;1\/2&#8243;][vc_column_text css_animation=&#8221;fadeIn&#8221;]<\/p>\n<h3>Donaire Arroyo de la Miel<\/h3>\n<h4>Mar\u00eda Jos\u00e9 G\u00f3mez<\/h4>\n<h5>Gerente<\/h5>\n<p><i class=\"fa fa-phone-square-alt\" style=\"width: 15px; text-align: center; margin-right: 4px; color: #676767;\"><\/i> 952 578116 <a href=\"tel:952578116\">Pulse para llamar<\/a><br \/>\n<i class=\"fa fa-whatsapp\" style=\"width: 15px; text-align: center; margin-right: 4px; color: #24cc63;\"><\/i> 629 807952 <a href=\"https:\/\/wa.me\/34629807952\">Pulse para enviar un mensaje Whatsapp<\/a>[\/vc_column_text][\/vc_column][vc_column width=&#8221;1\/4&#8243;][vc_gmaps link=&#8221;#E-8_JTNDaWZyYW1lJTIwc3JjJTNEJTIyaHR0cHMlM0ElMkYlMkZ3d3cuZ29vZ2xlLmNvbSUyRm1hcHMlMkZlbWJlZCUzRnBiJTNEJTIxMW0xOCUyMTFtMTIlMjExbTMlMjExZDMyMDMuMDY2NDc1OTcwMTk3NiUyMTJkLTQuNTM1MTcwNjg0NzE1NzE2JTIxM2QzNi42MDA3MDc5Nzk5OTAxOSUyMTJtMyUyMTFmMCUyMTJmMCUyMTNmMCUyMTNtMiUyMTFpMTAyNCUyMTJpNzY4JTIxNGYxMy4xJTIxM20zJTIxMW0yJTIxMXMweDAlMjUzQTB4YzY2N2JlNDFmNWMyNzM3MiUyMTJzRG9uYWlyZSUyNTIwQmVsbGV6YSUyNTIweSUyNTIwTCUyNUMzJTI1QTFzZXIlMjUyMEFycm95byUyNTIwZGUlMjUyMGxhJTI1MjBNaWVsJTIxNWUwJTIxM20yJTIxMXNlcyUyMTJzZXMlMjE0djE1NzA0NDAzMTE2NjMlMjE1bTIlMjExc2VzJTIxMnNlcyUyMiUyMHdpZHRoJTNEJTIyNjAwJTIyJTIwaGVpZ2h0JTNEJTIyNDUwJTIyJTIwZnJhbWVib3JkZXIlM0QlMjIwJTIyJTIwc3R5bGUlM0QlMjJib3JkZXIlM0EwJTIyJTIwYWxsb3dmdWxsc2NyZWVuJTNFJTNDJTJGaWZyYW1lJTNF&#8221; size=&#8221;200&#8243; css_animation=&#8221;fadeIn&#8221;][\/vc_column][\/vc_row]<\/p>\n<\/div>","protected":false},"excerpt":{"rendered":"<p>[vc_row][vc_column][vc_column_text] Cl\u00ednicas y Centros Est\u00e9ticos &#8211; Salones de Bellezza [\/vc_column_text][\/vc_column][\/vc_row][vc_row equal_height=&#8221;yes&#8221;][vc_column width=&#8221;1\/4&#8243;][vc_single_image image=&#8221;2376&#8243; img_size=&#8221;200&#215;200&#8243; css_animation=&#8221;fadeIn&#8221;][\/vc_column][vc_column width=&#8221;1\/2&#8243;][vc_column_text css_animation=&#8221;fadeIn&#8221;] Donaire Marbella Pepi<\/p>\n","protected":false},"author":8,"featured_media":0,"parent":0,"menu_order":0,"comment_status":"closed","ping_status":"closed","template":"","meta":{"footnotes":""},"categories":[],"tags":[],"class_list":["post-1909","page","type-page","status-publish","hentry"],"yoast_head":"<!-- This site is optimized with the Yoast SEO plugin v27.5 - https:\/\/yoast.com\/product\/yoast-seo-wordpress\/ -->\n<title>Centros Autorizados &#8211; AKN\u03a6STASIS Cosmeceuticals<\/title>\n<meta name=\"robots\" content=\"index, follow, max-snippet:-1, max-image-preview:large, max-video-preview:-1\" \/>\n<link rel=\"canonical\" href=\"https:\/\/www.aknostasis.com\/es\/centros-autorizados\/\" \/>\n<meta property=\"og:locale\" content=\"es_ES\" \/>\n<meta property=\"og:type\" content=\"article\" \/>\n<meta property=\"og:title\" content=\"Centros Autorizados &#8211; AKN\u03a6STASIS Cosmeceuticals\" \/>\n<meta property=\"og:description\" content=\"[vc_row][vc_column][vc_column_text] Cl\u00ednicas y Centros Est\u00e9ticos &#8211; Salones de Bellezza [\/vc_column_text][\/vc_column][\/vc_row][vc_row equal_height=&#8221;yes&#8221;][vc_column width=&#8221;1\/4&#8243;][vc_single_image image=&#8221;2376&#8243; img_size=&#8221;200&#215;200&#8243; css_animation=&#8221;fadeIn&#8221;][\/vc_column][vc_column width=&#8221;1\/2&#8243;][vc_column_text css_animation=&#8221;fadeIn&#8221;] Donaire Marbella Pepi\" \/>\n<meta property=\"og:url\" content=\"https:\/\/www.aknostasis.com\/es\/centros-autorizados\/\" \/>\n<meta property=\"og:site_name\" content=\"AKN\u03a6STASIS Cosmeceuticals\" \/>\n<meta property=\"article:publisher\" content=\"https:\/\/www.facebook.com\/Aknostasis-103873258462466\" \/>\n<meta property=\"article:modified_time\" content=\"2021-03-05T09:06:07+00:00\" \/>\n<meta name=\"twitter:card\" content=\"summary_large_image\" \/>\n<meta name=\"twitter:site\" content=\"@aknostasis\" \/>\n<meta name=\"twitter:label1\" content=\"Tiempo de lectura\" \/>\n\t<meta name=\"twitter:data1\" content=\"4 minutos\" \/>\n<script type=\"application\/ld+json\" class=\"yoast-schema-graph\">{\"@context\":\"https:\\\/\\\/schema.org\",\"@graph\":[{\"@type\":\"WebPage\",\"@id\":\"https:\\\/\\\/www.aknostasis.com\\\/es\\\/centros-autorizados\\\/\",\"url\":\"https:\\\/\\\/www.aknostasis.com\\\/es\\\/centros-autorizados\\\/\",\"name\":\"Centros Autorizados &#8211; AKN\u03a6STASIS Cosmeceuticals\",\"isPartOf\":{\"@id\":\"https:\\\/\\\/www.aknostasis.com\\\/es\\\/#website\"},\"datePublished\":\"2020-06-18T16:58:05+00:00\",\"dateModified\":\"2021-03-05T09:06:07+00:00\",\"breadcrumb\":{\"@id\":\"https:\\\/\\\/www.aknostasis.com\\\/es\\\/centros-autorizados\\\/#breadcrumb\"},\"inLanguage\":\"es\",\"potentialAction\":[{\"@type\":\"ReadAction\",\"target\":[\"https:\\\/\\\/www.aknostasis.com\\\/es\\\/centros-autorizados\\\/\"]}]},{\"@type\":\"BreadcrumbList\",\"@id\":\"https:\\\/\\\/www.aknostasis.com\\\/es\\\/centros-autorizados\\\/#breadcrumb\",\"itemListElement\":[{\"@type\":\"ListItem\",\"position\":1,\"name\":\"Portada\",\"item\":\"https:\\\/\\\/www.aknostasis.com\\\/es\\\/\"},{\"@type\":\"ListItem\",\"position\":2,\"name\":\"Centros Autorizados\"}]},{\"@type\":\"WebSite\",\"@id\":\"https:\\\/\\\/www.aknostasis.com\\\/es\\\/#website\",\"url\":\"https:\\\/\\\/www.aknostasis.com\\\/es\\\/\",\"name\":\"AKN\u03a6STASIS Cosmeceuticals\",\"description\":\"Biotecnolog\u00edas Cosm\u00e9ticas de Vanguardia\",\"publisher\":{\"@id\":\"https:\\\/\\\/www.aknostasis.com\\\/es\\\/#organization\"},\"potentialAction\":[{\"@type\":\"SearchAction\",\"target\":{\"@type\":\"EntryPoint\",\"urlTemplate\":\"https:\\\/\\\/www.aknostasis.com\\\/es\\\/?s={search_term_string}\"},\"query-input\":{\"@type\":\"PropertyValueSpecification\",\"valueRequired\":true,\"valueName\":\"search_term_string\"}}],\"inLanguage\":\"es\"},{\"@type\":\"Organization\",\"@id\":\"https:\\\/\\\/www.aknostasis.com\\\/es\\\/#organization\",\"name\":\"AKNOSTASIS\",\"url\":\"https:\\\/\\\/www.aknostasis.com\\\/es\\\/\",\"logo\":{\"@type\":\"ImageObject\",\"inLanguage\":\"es\",\"@id\":\"https:\\\/\\\/www.aknostasis.com\\\/es\\\/#\\\/schema\\\/logo\\\/image\\\/\",\"url\":\"https:\\\/\\\/www.aknostasis.com\\\/es\\\/wp-content\\\/uploads\\\/2020\\\/06\\\/aknostasis_cosmeceuticals_bcbt_110x560.png\",\"contentUrl\":\"https:\\\/\\\/www.aknostasis.com\\\/es\\\/wp-content\\\/uploads\\\/2020\\\/06\\\/aknostasis_cosmeceuticals_bcbt_110x560.png\",\"width\":559,\"height\":110,\"caption\":\"AKNOSTASIS\"},\"image\":{\"@id\":\"https:\\\/\\\/www.aknostasis.com\\\/es\\\/#\\\/schema\\\/logo\\\/image\\\/\"},\"sameAs\":[\"https:\\\/\\\/www.facebook.com\\\/Aknostasis-103873258462466\",\"https:\\\/\\\/x.com\\\/aknostasis\",\"https:\\\/\\\/www.instagram.com\\\/aknostasis\"]}]}<\/script>\n<!-- \/ Yoast SEO plugin. -->","yoast_head_json":{"title":"Centros Autorizados &#8211; AKN\u03a6STASIS Cosmeceuticals","robots":{"index":"index","follow":"follow","max-snippet":"max-snippet:-1","max-image-preview":"max-image-preview:large","max-video-preview":"max-video-preview:-1"},"canonical":"https:\/\/www.aknostasis.com\/es\/centros-autorizados\/","og_locale":"es_ES","og_type":"article","og_title":"Centros Autorizados &#8211; AKN\u03a6STASIS Cosmeceuticals","og_description":"[vc_row][vc_column][vc_column_text] Cl\u00ednicas y Centros Est\u00e9ticos &#8211; Salones de Bellezza [\/vc_column_text][\/vc_column][\/vc_row][vc_row equal_height=&#8221;yes&#8221;][vc_column width=&#8221;1\/4&#8243;][vc_single_image image=&#8221;2376&#8243; img_size=&#8221;200&#215;200&#8243; css_animation=&#8221;fadeIn&#8221;][\/vc_column][vc_column width=&#8221;1\/2&#8243;][vc_column_text css_animation=&#8221;fadeIn&#8221;] Donaire Marbella Pepi","og_url":"https:\/\/www.aknostasis.com\/es\/centros-autorizados\/","og_site_name":"AKN\u03a6STASIS Cosmeceuticals","article_publisher":"https:\/\/www.facebook.com\/Aknostasis-103873258462466","article_modified_time":"2021-03-05T09:06:07+00:00","twitter_card":"summary_large_image","twitter_site":"@aknostasis","twitter_misc":{"Tiempo de lectura":"4 minutos"},"schema":{"@context":"https:\/\/schema.org","@graph":[{"@type":"WebPage","@id":"https:\/\/www.aknostasis.com\/es\/centros-autorizados\/","url":"https:\/\/www.aknostasis.com\/es\/centros-autorizados\/","name":"Centros Autorizados &#8211; AKN\u03a6STASIS Cosmeceuticals","isPartOf":{"@id":"https:\/\/www.aknostasis.com\/es\/#website"},"datePublished":"2020-06-18T16:58:05+00:00","dateModified":"2021-03-05T09:06:07+00:00","breadcrumb":{"@id":"https:\/\/www.aknostasis.com\/es\/centros-autorizados\/#breadcrumb"},"inLanguage":"es","potentialAction":[{"@type":"ReadAction","target":["https:\/\/www.aknostasis.com\/es\/centros-autorizados\/"]}]},{"@type":"BreadcrumbList","@id":"https:\/\/www.aknostasis.com\/es\/centros-autorizados\/#breadcrumb","itemListElement":[{"@type":"ListItem","position":1,"name":"Portada","item":"https:\/\/www.aknostasis.com\/es\/"},{"@type":"ListItem","position":2,"name":"Centros Autorizados"}]},{"@type":"WebSite","@id":"https:\/\/www.aknostasis.com\/es\/#website","url":"https:\/\/www.aknostasis.com\/es\/","name":"AKN\u03a6STASIS Cosmeceuticals","description":"Biotecnolog\u00edas Cosm\u00e9ticas de Vanguardia","publisher":{"@id":"https:\/\/www.aknostasis.com\/es\/#organization"},"potentialAction":[{"@type":"SearchAction","target":{"@type":"EntryPoint","urlTemplate":"https:\/\/www.aknostasis.com\/es\/?s={search_term_string}"},"query-input":{"@type":"PropertyValueSpecification","valueRequired":true,"valueName":"search_term_string"}}],"inLanguage":"es"},{"@type":"Organization","@id":"https:\/\/www.aknostasis.com\/es\/#organization","name":"AKNOSTASIS","url":"https:\/\/www.aknostasis.com\/es\/","logo":{"@type":"ImageObject","inLanguage":"es","@id":"https:\/\/www.aknostasis.com\/es\/#\/schema\/logo\/image\/","url":"https:\/\/www.aknostasis.com\/es\/wp-content\/uploads\/2020\/06\/aknostasis_cosmeceuticals_bcbt_110x560.png","contentUrl":"https:\/\/www.aknostasis.com\/es\/wp-content\/uploads\/2020\/06\/aknostasis_cosmeceuticals_bcbt_110x560.png","width":559,"height":110,"caption":"AKNOSTASIS"},"image":{"@id":"https:\/\/www.aknostasis.com\/es\/#\/schema\/logo\/image\/"},"sameAs":["https:\/\/www.facebook.com\/Aknostasis-103873258462466","https:\/\/x.com\/aknostasis","https:\/\/www.instagram.com\/aknostasis"]}]}},"_links":{"self":[{"href":"https:\/\/www.aknostasis.com\/es\/wp-json\/wp\/v2\/pages\/1909","targetHints":{"allow":["GET"]}}],"collection":[{"href":"https:\/\/www.aknostasis.com\/es\/wp-json\/wp\/v2\/pages"}],"about":[{"href":"https:\/\/www.aknostasis.com\/es\/wp-json\/wp\/v2\/types\/page"}],"author":[{"embeddable":true,"href":"https:\/\/www.aknostasis.com\/es\/wp-json\/wp\/v2\/users\/8"}],"replies":[{"embeddable":true,"href":"https:\/\/www.aknostasis.com\/es\/wp-json\/wp\/v2\/comments?post=1909"}],"version-history":[{"count":0,"href":"https:\/\/www.aknostasis.com\/es\/wp-json\/wp\/v2\/pages\/1909\/revisions"}],"wp:attachment":[{"href":"https:\/\/www.aknostasis.com\/es\/wp-json\/wp\/v2\/media?parent=1909"}],"wp:term":[{"taxonomy":"category","embeddable":true,"href":"https:\/\/www.aknostasis.com\/es\/wp-json\/wp\/v2\/categories?post=1909"},{"taxonomy":"post_tag","embeddable":true,"href":"https:\/\/www.aknostasis.com\/es\/wp-json\/wp\/v2\/tags?post=1909"}],"curies":[{"name":"wp","href":"https:\/\/api.w.org\/{rel}","templated":true}]}}